{"id":677,"date":"2023-07-26T12:58:59","date_gmt":"2023-07-26T10:58:59","guid":{"rendered":"https:\/\/kunden.weissblaumedia.de\/wolf\/?page_id=677"},"modified":"2024-07-23T09:49:44","modified_gmt":"2024-07-23T07:49:44","slug":"historie","status":"publish","type":"page","link":"https:\/\/rjwolf.de\/en\/historie\/","title":{"rendered":"history"},"content":{"rendered":"<p>[et_pb_section fb_built=&#8220;1&#8243; admin_label=&#8220;Header&#8220; _builder_version=&#8220;4.16&#8243; use_background_color_gradient=&#8220;on&#8220; background_color_gradient_direction=&#8220;270deg&#8220; background_color_gradient_stops=&#8220;rgba(43,135,218,0) 0%|rgba(0,74,143,0.79) 100%&#8220; background_color_gradient_overlays_image=&#8220;on&#8220; background_color_gradient_start=&#8220;rgba(43,135,218,0)&#8220; background_color_gradient_end=&#8220;rgba(0,74,143,0.79)&#8220; background_image=&#8220;https:\/\/rjwolf.de\/wp-content\/uploads\/2021\/09\/stage.jpg&#8220; custom_padding=&#8220;3vw||||false|false&#8220; animation_style=&#8220;fade&#8220; global_colors_info=&#8220;{}&#8220;][et_pb_row column_structure=&#8220;1_2,1_2&#8243; _builder_version=&#8220;4.16&#8243; global_colors_info=&#8220;{}&#8220;][et_pb_column type=&#8220;1_2&#8243; _builder_version=&#8220;4.16&#8243; custom_padding=&#8220;|||&#8220; global_colors_info=&#8220;{}&#8220; custom_padding__hover=&#8220;|||&#8220;][et_pb_text _builder_version=&#8220;4.16&#8243; text_font=&#8220;||||||||&#8220; text_font_size=&#8220;15px&#8220; text_line_height=&#8220;2em&#8220; header_font=&#8220;Open Sans|600||on|||||&#8220; header_text_align=&#8220;left&#8220; header_font_size=&#8220;43px&#8220; header_line_height=&#8220;1.5em&#8220; use_background_color_gradient=&#8220;on&#8220; background_color_gradient_direction=&#8220;150deg&#8220; background_color_gradient_stops=&#8220;rgba(0,0,0,0.22) 0%|rgba(0,0,0,0.33) 100%&#8220; background_color_gradient_start=&#8220;rgba(0,0,0,0.22)&#8220; background_color_gradient_end=&#8220;rgba(0,0,0,0.33)&#8220; background_layout=&#8220;dark&#8220; custom_padding=&#8220;70px|70px|70px|70px|true|true&#8220; custom_padding_tablet=&#8220;40px|40px|40px|40px|true|true&#8220; custom_padding_phone=&#8220;20px|20px|20px|20px|true|true&#8220; custom_padding_last_edited=&#8220;on|phone&#8220; animation_style=&#8220;flip&#8220; header_font_size_tablet=&#8220;43px&#8220; header_font_size_phone=&#8220;30px&#8220; header_font_size_last_edited=&#8220;on|phone&#8220; box_shadow_style=&#8220;preset1&#8243; box_shadow_vertical=&#8220;40px&#8220; box_shadow_blur=&#8220;200px&#8220; box_shadow_spread=&#8220;-10px&#8220; global_colors_info=&#8220;{}&#8220;]<\/p>\n<h1>Historie<\/h1>\n<p>[\/et_pb_text][\/et_pb_column][et_pb_column type=&#8220;1_2&#8243; _builder_version=&#8220;4.16&#8243; custom_padding=&#8220;||||false|false&#8220; custom_padding_tablet=&#8220;20px|||&#8220; custom_padding_last_edited=&#8220;off|desktop&#8220; global_colors_info=&#8220;{}&#8220; padding_tablet=&#8220;20px|||&#8220; padding_last_edited=&#8220;on|phone&#8220; custom_padding__hover=&#8220;|||&#8220; padding_phone=&#8220;20px|||&#8220;][\/et_pb_column][\/et_pb_row][\/et_pb_section][et_pb_section fb_built=&#8220;1&#8243; custom_padding_last_edited=&#8220;on|phone&#8220; admin_label=&#8220;Features&#8220; module_id=&#8220;start&#8220; _builder_version=&#8220;4.16&#8243; custom_padding=&#8220;||60px||false|false&#8220; custom_padding_tablet=&#8220;||90px||false|false&#8220; custom_padding_phone=&#8220;||50px||false|false&#8220; global_colors_info=&#8220;{}&#8220;][et_pb_row column_structure=&#8220;1_2,1_2&#8243; _builder_version=&#8220;4.16&#8243; global_colors_info=&#8220;{}&#8220;][et_pb_column type=&#8220;1_2&#8243; _builder_version=&#8220;4.16&#8243; custom_padding=&#8220;40px||||false|false&#8220; custom_padding_tablet=&#8220;0px|||&#8220; custom_padding_phone=&#8220;&#8220; custom_padding_last_edited=&#8220;on|tablet&#8220; global_colors_info=&#8220;{}&#8220; padding_tablet=&#8220;0px|||&#8220; padding_last_edited=&#8220;on|tablet&#8220; custom_padding__hover=&#8220;|||&#8220; padding_phone=&#8220;0px|||&#8220;][et_pb_text _builder_version=&#8220;4.16&#8243; text_font=&#8220;Open Sans||||||||&#8220; text_font_size=&#8220;15px&#8220; text_line_height=&#8220;2em&#8220; ul_line_height=&#8220;2em&#8220; header_2_font=&#8220;Open Sans|600||on|||||&#8220; header_2_font_size=&#8220;35px&#8220; header_2_line_height=&#8220;1.2em&#8220; header_4_font=&#8220;Open Sans|600||on|||||&#8220; header_4_text_color=&#8220;#004a8f&#8220; header_4_font_size=&#8220;16px&#8220; header_4_letter_spacing=&#8220;2px&#8220; header_4_line_height=&#8220;1.6em&#8220; header_2_font_size_tablet=&#8220;30px&#8220; header_2_font_size_phone=&#8220;22px&#8220; header_2_font_size_last_edited=&#8220;on|phone&#8220; header_4_font_size_tablet=&#8220;&#8220; header_4_font_size_phone=&#8220;14px&#8220; header_4_font_size_last_edited=&#8220;on|phone&#8220; global_colors_info=&#8220;{}&#8220;]<\/p>\n<h4>WOLF Beh\u00e4lterbau und Apparatebau<\/h4>\n<h2>Firmengeschichte<\/h2>\n<p>[\/et_pb_text][\/et_pb_column][et_pb_column type=&#8220;1_2&#8243; _builder_version=&#8220;4.16&#8243; custom_padding=&#8220;|||&#8220; global_colors_info=&#8220;{}&#8220; custom_padding__hover=&#8220;|||&#8220;][\/et_pb_column][\/et_pb_row][et_pb_row _builder_version=&#8220;4.16&#8243; _module_preset=&#8220;default&#8220; global_colors_info=&#8220;{}&#8220;][et_pb_column type=&#8220;4_4&#8243; _builder_version=&#8220;4.16&#8243; _module_preset=&#8220;default&#8220; global_colors_info=&#8220;{}&#8220;][dnxte_timeline dnxte_triangle_color=&#8220;#004a8f&#8220; _builder_version=&#8220;4.23.1&#8243; _module_preset=&#8220;default&#8220; global_colors_info=&#8220;{}&#8220;][dnxte_timeline_child timeline_title=&#8220;Januar 1952&#8243; timeline_content=&#8220;<\/p>\n<p>Robert Josef Wolf gru\u0308ndet in Netphen, damals Kreis Siegen (heute Kreis Siegen-Wittgenstein) die Firma Robert Josef Wolf GmbH &#038; Co. KG in einer ersten, kleinen Fertigungshalle.<\/p>\n<p>&#8220; timeline_use_icon=&#8220;off&#8220; timeline_use_button=&#8220;off&#8220; timeline_bg_color=&#8220;rgba(0,0,0,0.05)&#8220; icon_bg_color=&#8220;#004a8f&#8220; _builder_version=&#8220;4.16&#8243; _module_preset=&#8220;default&#8220; header_font=&#8220;Open Sans|600||on|||||&#8220; header_font_size=&#8220;20px&#8220; content_font=&#8220;Open Sans||||||||&#8220; content_text_color=&#8220;#666666&#8243; content_font_size=&#8220;15px&#8220; content_line_height=&#8220;2em&#8220; background_color=&#8220;RGBA(0,0,0,0)&#8220; background_enable_color=&#8220;on&#8220; global_colors_info=&#8220;{}&#8220;][\/dnxte_timeline_child][dnxte_timeline_child timeline_main_image=&#8220;https:\/\/rjwolf.de\/wp-content\/uploads\/2023\/07\/halle-1952.jpg&#8220; timeline_use_icon=&#8220;off&#8220; timeline_use_button=&#8220;off&#8220; timeline_bg_color=&#8220;rgba(0,0,0,0.05)&#8220; icon_bg_color=&#8220;#004a8f&#8220; _builder_version=&#8220;4.16&#8243; _module_preset=&#8220;default&#8220; header_font=&#8220;Open Sans|600||on|||||&#8220; header_font_size=&#8220;20px&#8220; content_font=&#8220;Open Sans||||||||&#8220; content_text_color=&#8220;#666666&#8243; content_font_size=&#8220;15px&#8220; content_line_height=&#8220;2em&#8220; background_color=&#8220;RGBA(0,0,0,0)&#8220; background_enable_color=&#8220;on&#8220; global_colors_info=&#8220;{}&#8220;][\/dnxte_timeline_child][dnxte_timeline_child timeline_title=&#8220;1976&#8243; timeline_content=&#8220;<\/p>\n<p>Fertigungsst\u00e4tte und Verwaltung werden ins Industriegebiet<br \/>\u201eLehnscheid I\u201c nach Wilnsdorf verlegt, dem heutigen Hauptstandort.<\/p>\n<p>&#8220; timeline_use_icon=&#8220;off&#8220; timeline_use_button=&#8220;off&#8220; timeline_bg_color=&#8220;rgba(0,0,0,0.05)&#8220; icon_bg_color=&#8220;#004a8f&#8220; _builder_version=&#8220;4.16&#8243; _module_preset=&#8220;default&#8220; header_font=&#8220;Open Sans|600||on|||||&#8220; header_font_size=&#8220;20px&#8220; content_font=&#8220;Open Sans||||||||&#8220; content_text_color=&#8220;#666666&#8243; content_font_size=&#8220;15px&#8220; content_line_height=&#8220;2em&#8220; background_color=&#8220;RGBA(0,0,0,0)&#8220; background_enable_color=&#8220;on&#8220; global_colors_info=&#8220;{}&#8220;][\/dnxte_timeline_child][dnxte_timeline_child timeline_main_image=&#8220;https:\/\/rjwolf.de\/wp-content\/uploads\/2023\/07\/werk-1976-wilnsdorf.jpg&#8220; timeline_use_icon=&#8220;off&#8220; timeline_use_button=&#8220;off&#8220; timeline_bg_color=&#8220;rgba(0,0,0,0.05)&#8220; icon_bg_color=&#8220;#004a8f&#8220; _builder_version=&#8220;4.16&#8243; _module_preset=&#8220;default&#8220; header_font=&#8220;Open Sans|600||on|||||&#8220; header_font_size=&#8220;20px&#8220; content_font=&#8220;Open Sans||||||||&#8220; content_text_color=&#8220;#666666&#8243; content_font_size=&#8220;15px&#8220; content_line_height=&#8220;2em&#8220; background_color=&#8220;RGBA(0,0,0,0)&#8220; background_enable_color=&#8220;on&#8220; global_colors_info=&#8220;{}&#8220;][\/dnxte_timeline_child][dnxte_timeline_child timeline_title=&#8220;1986&#8243; timeline_content=&#8220;<\/p>\n<p>Klaus-Dieter Wolf u\u0308bernimmt die Gesch\u00e4ftsfu\u0308hrung in der 2. Generation.<\/p>\n<p>&#8220; timeline_use_icon=&#8220;off&#8220; timeline_use_button=&#8220;off&#8220; timeline_bg_color=&#8220;rgba(0,0,0,0.05)&#8220; icon_bg_color=&#8220;#004a8f&#8220; _builder_version=&#8220;4.16&#8243; _module_preset=&#8220;default&#8220; header_font=&#8220;Open Sans|600||on|||||&#8220; header_font_size=&#8220;20px&#8220; content_font=&#8220;Open Sans||||||||&#8220; content_text_color=&#8220;#666666&#8243; content_font_size=&#8220;15px&#8220; content_line_height=&#8220;2em&#8220; background_color=&#8220;RGBA(0,0,0,0)&#8220; background_enable_color=&#8220;on&#8220; global_colors_info=&#8220;{}&#8220;][\/dnxte_timeline_child][dnxte_timeline_child timeline_main_image=&#8220;https:\/\/rjwolf.de\/wp-content\/uploads\/2023\/07\/kd-wolf.jpg&#8220; timeline_use_icon=&#8220;off&#8220; timeline_use_button=&#8220;off&#8220; timeline_main_image_width=&#8220;46%&#8220; timeline_bg_color=&#8220;rgba(0,0,0,0.05)&#8220; icon_bg_color=&#8220;#004a8f&#8220; _builder_version=&#8220;4.16&#8243; _module_preset=&#8220;default&#8220; header_font=&#8220;Open Sans|600||on|||||&#8220; header_font_size=&#8220;20px&#8220; content_font=&#8220;Open Sans||||||||&#8220; content_text_color=&#8220;#666666&#8243; content_font_size=&#8220;15px&#8220; content_line_height=&#8220;2em&#8220; background_color=&#8220;RGBA(0,0,0,0)&#8220; background_enable_color=&#8220;on&#8220; global_colors_info=&#8220;{}&#8220;][\/dnxte_timeline_child][dnxte_timeline_child timeline_title=&#8220;1989&#8243; timeline_content=&#8220;<\/p>\n<p>Die Firma Robert Josef Wolf GmbH &#038; Co. KG u\u0308bernimmt die Fa. Siegthalerfabrik GmbH in Siegen. Damit ist der Einstieg in die Fertigung von Ringen und Flanschen getan.<\/p>\n<p>&#8220; timeline_use_icon=&#8220;off&#8220; timeline_use_button=&#8220;off&#8220; timeline_bg_color=&#8220;rgba(0,0,0,0.05)&#8220; icon_bg_color=&#8220;#004a8f&#8220; _builder_version=&#8220;4.16&#8243; _module_preset=&#8220;default&#8220; header_font=&#8220;Open Sans|600||on|||||&#8220; header_font_size=&#8220;20px&#8220; content_font=&#8220;Open Sans||||||||&#8220; content_text_color=&#8220;#666666&#8243; content_font_size=&#8220;15px&#8220; content_line_height=&#8220;2em&#8220; background_color=&#8220;RGBA(0,0,0,0)&#8220; background_enable_color=&#8220;on&#8220; global_colors_info=&#8220;{}&#8220;][\/dnxte_timeline_child][dnxte_timeline_child timeline_main_image=&#8220;https:\/\/rjwolf.de\/wp-content\/uploads\/2023\/07\/siegthalerfabrik.jpg&#8220; timeline_use_icon=&#8220;off&#8220; timeline_use_button=&#8220;off&#8220; timeline_bg_color=&#8220;rgba(0,0,0,0.05)&#8220; icon_bg_color=&#8220;#004a8f&#8220; _builder_version=&#8220;4.16&#8243; _module_preset=&#8220;default&#8220; header_font=&#8220;Open Sans|600||on|||||&#8220; header_font_size=&#8220;20px&#8220; content_font=&#8220;Open Sans||||||||&#8220; content_text_color=&#8220;#666666&#8243; content_font_size=&#8220;15px&#8220; content_line_height=&#8220;2em&#8220; background_color=&#8220;RGBA(0,0,0,0)&#8220; background_enable_color=&#8220;on&#8220; global_colors_info=&#8220;{}&#8220;][\/dnxte_timeline_child][dnxte_timeline_child timeline_title=&#8220;2004&#8243; timeline_content=&#8220;Im Jahr 2004 erfolgt eine Beteiligung an der Landruf Rohrtechnik GmbH in Freudenberg. Im Jahr 2007 kommt es zur \u00dcbernahme der Mehrheitsbeteiligung. Im Jahr 2013 zog das Unternehmen an den neuen Standort nach Siegen-Weidenau.&#8220; timeline_use_icon=&#8220;off&#8220; timeline_use_button=&#8220;off&#8220; timeline_bg_color=&#8220;rgba(0,0,0,0.05)&#8220; icon_bg_color=&#8220;#004a8f&#8220; _builder_version=&#8220;4.16&#8243; _module_preset=&#8220;default&#8220; header_font=&#8220;Open Sans|600||on|||||&#8220; header_font_size=&#8220;20px&#8220; content_font=&#8220;Open Sans||||||||&#8220; content_text_color=&#8220;#666666&#8243; content_font_size=&#8220;15px&#8220; content_line_height=&#8220;2em&#8220; background_color=&#8220;RGBA(0,0,0,0)&#8220; background_enable_color=&#8220;on&#8220; global_colors_info=&#8220;{}&#8220;][\/dnxte_timeline_child][dnxte_timeline_child timeline_main_image=&#8220;https:\/\/rjwolf.de\/wp-content\/uploads\/2023\/07\/landruf.jpg&#8220; timeline_use_icon=&#8220;off&#8220; timeline_use_button=&#8220;off&#8220; timeline_bg_color=&#8220;rgba(0,0,0,0.05)&#8220; icon_bg_color=&#8220;#004a8f&#8220; _builder_version=&#8220;4.16&#8243; _module_preset=&#8220;default&#8220; header_font=&#8220;Open Sans|600||on|||||&#8220; header_font_size=&#8220;20px&#8220; content_font=&#8220;Open Sans||||||||&#8220; content_text_color=&#8220;#666666&#8243; content_font_size=&#8220;15px&#8220; content_line_height=&#8220;2em&#8220; background_color=&#8220;RGBA(0,0,0,0)&#8220; background_enable_color=&#8220;on&#8220; global_colors_info=&#8220;{}&#8220;][\/dnxte_timeline_child][dnxte_timeline_child timeline_title=&#8220;2005&#8243; timeline_content=&#8220;<\/p>\n<p>Dietmar Wolf wird zus\u00e4tzlich zum Gesch\u00e4ftsfu\u0308hrer bestellt.<\/p>\n<p>&#8220; timeline_use_icon=&#8220;off&#8220; timeline_use_button=&#8220;off&#8220; timeline_bg_color=&#8220;rgba(0,0,0,0.05)&#8220; icon_bg_color=&#8220;#004a8f&#8220; _builder_version=&#8220;4.16&#8243; _module_preset=&#8220;default&#8220; header_font=&#8220;Open Sans|600||on|||||&#8220; header_font_size=&#8220;20px&#8220; content_font=&#8220;Open Sans||||||||&#8220; content_text_color=&#8220;#666666&#8243; content_font_size=&#8220;15px&#8220; content_line_height=&#8220;2em&#8220; background_color=&#8220;RGBA(0,0,0,0)&#8220; background_enable_color=&#8220;on&#8220; global_colors_info=&#8220;{}&#8220;][\/dnxte_timeline_child][dnxte_timeline_child timeline_title=&#8220;2006&#8243; timeline_content=&#8220;Im Jahr 2006 kommt es zur \u00dcbernahme einer neuen Fertigungsst\u00e4tte in Herdorf im Nachbarkreis Altenkirchen, das heutige Werk 3 zum Beh\u00e4lter &#038; Apparatebau.&#8220; timeline_use_icon=&#8220;off&#8220; timeline_use_button=&#8220;off&#8220; timeline_bg_color=&#8220;rgba(0,0,0,0.05)&#8220; icon_bg_color=&#8220;#004a8f&#8220; _builder_version=&#8220;4.16&#8243; _module_preset=&#8220;default&#8220; header_font=&#8220;Open Sans|600||on|||||&#8220; header_font_size=&#8220;20px&#8220; content_font=&#8220;Open Sans||||||||&#8220; content_text_color=&#8220;#666666&#8243; content_font_size=&#8220;15px&#8220; content_line_height=&#8220;2em&#8220; background_color=&#8220;RGBA(0,0,0,0)&#8220; background_enable_color=&#8220;on&#8220; global_colors_info=&#8220;{}&#8220;][\/dnxte_timeline_child][dnxte_timeline_child timeline_main_image=&#8220;https:\/\/rjwolf.de\/wp-content\/uploads\/2023\/07\/werk-herdorf.jpg&#8220; timeline_use_icon=&#8220;off&#8220; timeline_use_button=&#8220;off&#8220; timeline_bg_color=&#8220;rgba(0,0,0,0.05)&#8220; icon_bg_color=&#8220;#004a8f&#8220; _builder_version=&#8220;4.16&#8243; _module_preset=&#8220;default&#8220; header_font=&#8220;Open Sans|600||on|||||&#8220; header_font_size=&#8220;20px&#8220; content_font=&#8220;Open Sans||||||||&#8220; content_text_color=&#8220;#666666&#8243; content_font_size=&#8220;15px&#8220; content_line_height=&#8220;2em&#8220; background_color=&#8220;RGBA(0,0,0,0)&#8220; background_enable_color=&#8220;on&#8220; global_colors_info=&#8220;{}&#8220;][\/dnxte_timeline_child][dnxte_timeline_child timeline_title=&#8220;2008&#8243; timeline_content=&#8220;Im Jahr 2008 beginnt die Fertigungsaufnahme in der neu errichteten Ringschmiede im Wilnsdorfer Industriegebiet \u201eLehnscheid VI\u201c bzw. \u201eElkersberg\u201c. Damit besteht fu\u0308r die Firma die M\u00f6glichkeit zur Herstellung gro\u00dfer Ringe inklusive mechanischer Bearbeitung im heutigen Werk 2.&#8220; timeline_use_icon=&#8220;off&#8220; timeline_use_button=&#8220;off&#8220; timeline_bg_color=&#8220;rgba(0,0,0,0.05)&#8220; icon_bg_color=&#8220;#004a8f&#8220; _builder_version=&#8220;4.16&#8243; _module_preset=&#8220;default&#8220; header_font=&#8220;Open Sans|600||on|||||&#8220; header_font_size=&#8220;20px&#8220; content_font=&#8220;Open Sans||||||||&#8220; content_text_color=&#8220;#666666&#8243; content_font_size=&#8220;15px&#8220; content_line_height=&#8220;2em&#8220; background_color=&#8220;RGBA(0,0,0,0)&#8220; background_enable_color=&#8220;on&#8220; global_colors_info=&#8220;{}&#8220;][\/dnxte_timeline_child][dnxte_timeline_child timeline_main_image=&#8220;https:\/\/rjwolf.de\/wp-content\/uploads\/2023\/07\/wer-2-wilnsdorf.jpg&#8220; timeline_use_icon=&#8220;off&#8220; timeline_use_button=&#8220;off&#8220; timeline_bg_color=&#8220;rgba(0,0,0,0.05)&#8220; icon_bg_color=&#8220;#004a8f&#8220; _builder_version=&#8220;4.16&#8243; _module_preset=&#8220;default&#8220; header_font=&#8220;Open Sans|600||on|||||&#8220; header_font_size=&#8220;20px&#8220; content_font=&#8220;Open Sans||||||||&#8220; content_text_color=&#8220;#666666&#8243; content_font_size=&#8220;15px&#8220; content_line_height=&#8220;2em&#8220; background_color=&#8220;RGBA(0,0,0,0)&#8220; background_enable_color=&#8220;on&#8220; global_colors_info=&#8220;{}&#8220;][\/dnxte_timeline_child][dnxte_timeline_child timeline_title=&#8220;2024&#8243; timeline_content=&#8220;Fu\u0308r das Jahr 2024 ist die Fertigstellung einer neuen Halle fu\u0308r Membranhousings am Standort von Werk 3 in Herdorf geplant.&#8220; timeline_use_icon=&#8220;off&#8220; timeline_use_button=&#8220;off&#8220; timeline_bg_color=&#8220;rgba(0,0,0,0.05)&#8220; icon_bg_color=&#8220;#004a8f&#8220; _builder_version=&#8220;4.23.1&#8243; _module_preset=&#8220;default&#8220; header_font=&#8220;Open Sans|600||on|||||&#8220; header_font_size=&#8220;20px&#8220; content_font=&#8220;Open Sans||||||||&#8220; content_text_color=&#8220;#666666&#8243; content_font_size=&#8220;15px&#8220; content_line_height=&#8220;2em&#8220; background_color=&#8220;RGBA(0,0,0,0)&#8220; background_enable_color=&#8220;on&#8220; global_colors_info=&#8220;{}&#8220;][\/dnxte_timeline_child][dnxte_timeline_child timeline_main_image=&#8220;https:\/\/rjwolf.de\/wp-content\/uploads\/2023\/07\/neuehalle-werk2.jpg&#8220; timeline_use_icon=&#8220;off&#8220; timeline_use_button=&#8220;off&#8220; timeline_bg_color=&#8220;rgba(0,0,0,0.05)&#8220; icon_bg_color=&#8220;#004a8f&#8220; _builder_version=&#8220;4.16&#8243; _module_preset=&#8220;default&#8220; header_font=&#8220;Open Sans|600||on|||||&#8220; header_font_size=&#8220;20px&#8220; content_font=&#8220;Open Sans||||||||&#8220; content_text_color=&#8220;#666666&#8243; content_font_size=&#8220;15px&#8220; content_line_height=&#8220;2em&#8220; background_color=&#8220;RGBA(0,0,0,0)&#8220; background_enable_color=&#8220;on&#8220; global_colors_info=&#8220;{}&#8220;][\/dnxte_timeline_child][\/dnxte_timeline][\/et_pb_column][\/et_pb_row][\/et_pb_section]<\/p>\n","protected":false},"excerpt":{"rendered":"<p>HistoryWOLF tank construction and equipment construction Company history<div class=\"et_pb_module dnxte_timeline dnxte_timeline_0\">\n\t\t\t\t\n\t\t\t\t\n\t\t\t\t\n\t\t\t\t\n\t\t\t\t\n\t\t\t\t\n\t\t\t\t<div class=\"et_pb_module_inner\">\n\t\t\t\t\t<section id=\"dnxte-timline\"><\/section>\n\t\t\t\t<\/div>\n\t\t\t<\/div><div class=\"et_pb_module dnxte_timeline_child dnxte_timeline_child_0\">\n\t\t\t\t\n\t\t\t\t\n\t\t\t\t\n\t\t\t\t\n\t\t\t\t\n\t\t\t\t\n\t\t\t\t<div class=\"et_pb_module_inner\">\n\t\t\t\t\t\r\n            <div  class=\"dnxte-timline-block\">\r\n                <div class=\"dnxte-timline-img dnxte-timeline-pic\">\r\n                    \r\n                    \r\n                <\/div>\r\n                <div class=\"dnxte-timline-content\">\r\n                    \r\n                    <h2 class=\"dnxte-timline-heading\">January 1952<\/h2>\r\n                    <div class=\"dnxte-timline-pra\">Robert Josef Wolf founded the company Robert Josef Wolf GmbH &amp; Co. KG in Netphen, then in the Siegen district (now the Siegen-Wittgenstein district), in a small production hall.<\/div>\r\n                    \r\n                    \r\n                <\/div>\r\n            <\/div>\n\t\t\t\t<\/div>\n\t\t\t<\/div><div class=\"et_pb_module dnxte_timeline_child dnxte_timeline_child_1\">\n\t\t\t\t\n\t\t\t\t\n\t\t\t\t\n\t\t\t\t\n\t\t\t\t\n\t\t\t\t\n\t\t\t\t<div class=\"et_pb_module_inner\">\n\t\t\t\t\t\r\n            <div  class=\"dnxte-timline-block\">\r\n                <div class=\"dnxte-timline-img dnxte-timeline-pic\">\r\n                    \r\n                    <span class=\"dnxte-timline-icon\">N<\/span>\r\n                <\/div>\r\n                <div class=\"dnxte-timline-content\">\r\n                    <div class=\"dnxte-timline-image-section\"><img decoding=\"async\" src=\"\" alt=\"Timeline main image\" title=\"\" class=\"et_multi_view_hidden_image\" \/><\/div>\r\n                    \r\n                    \r\n                    <div class=\"dnxte-timline-btn-container\">\r\n                        \r\n                    <\/div>\r\n                    \r\n                <\/div>\r\n            <\/div>\n\t\t\t\t<\/div>\n\t\t\t<\/div><\/p>","protected":false},"author":2,"featured_media":0,"parent":0,"menu_order":0,"comment_status":"closed","ping_status":"closed","template":"","meta":{"_seopress_robots_primary_cat":"0","_seopress_titles_title":"Historie :: Robert Josef Wolf GmbH &amp; Co. KG","_seopress_titles_desc":"Gr\u00fcndung 1952. Fu\u0308r das Jahr 2024 ist die Fertigstellung einer neuen Halle fu\u0308r Membranhousings am Standort von Werk 3 in Herdorf geplant.","_seopress_robots_index":"","_et_pb_use_builder":"on","_et_pb_old_content":"","_et_gb_content_width":"","footnotes":""},"class_list":["post-677","page","type-page","status-publish","hentry"],"_links":{"self":[{"href":"https:\/\/rjwolf.de\/en\/wp-json\/wp\/v2\/pages\/677","targetHints":{"allow":["GET"]}}],"collection":[{"href":"https:\/\/rjwolf.de\/en\/wp-json\/wp\/v2\/pages"}],"about":[{"href":"https:\/\/rjwolf.de\/en\/wp-json\/wp\/v2\/types\/page"}],"author":[{"embeddable":true,"href":"https:\/\/rjwolf.de\/en\/wp-json\/wp\/v2\/users\/2"}],"replies":[{"embeddable":true,"href":"https:\/\/rjwolf.de\/en\/wp-json\/wp\/v2\/comments?post=677"}],"version-history":[{"count":10,"href":"https:\/\/rjwolf.de\/en\/wp-json\/wp\/v2\/pages\/677\/revisions"}],"predecessor-version":[{"id":898,"href":"https:\/\/rjwolf.de\/en\/wp-json\/wp\/v2\/pages\/677\/revisions\/898"}],"wp:attachment":[{"href":"https:\/\/rjwolf.de\/en\/wp-json\/wp\/v2\/media?parent=677"}],"curies":[{"name":"wp","href":"https:\/\/api.w.org\/{rel}","templated":true}]}}