{"id":531,"date":"2022-11-30T13:29:06","date_gmt":"2022-11-30T12:29:06","guid":{"rendered":"https:\/\/kunden.weissblaumedia.de\/wolf\/?page_id=531"},"modified":"2024-07-23T10:49:37","modified_gmt":"2024-07-23T08:49:37","slug":"schnellverschluesse-weitere-infos","status":"publish","type":"page","link":"https:\/\/rjwolf.de\/en\/schnellverschluesse-weitere-infos\/","title":{"rendered":"Quick release fasteners - more information"},"content":{"rendered":"<p>[et_pb_section fb_built=&#8220;1&#8243; admin_label=&#8220;Header&#8220; _builder_version=&#8220;4.16&#8243; use_background_color_gradient=&#8220;on&#8220; background_color_gradient_direction=&#8220;270deg&#8220; background_color_gradient_stops=&#8220;rgba(43,135,218,0) 0%|rgba(0,74,143,0.79) 100%&#8220; background_color_gradient_overlays_image=&#8220;on&#8220; background_color_gradient_start=&#8220;rgba(43,135,218,0)&#8220; background_color_gradient_end=&#8220;rgba(0,74,143,0.79)&#8220; background_image=&#8220;https:\/\/rjwolf.de\/wp-content\/uploads\/2022\/11\/header-schnellverschluss.jpg&#8220; custom_padding=&#8220;3vw||||false|false&#8220; animation_style=&#8220;fade&#8220; global_colors_info=&#8220;{}&#8220;][et_pb_row column_structure=&#8220;1_2,1_2&#8243; _builder_version=&#8220;4.16&#8243; global_colors_info=&#8220;{}&#8220;][et_pb_column type=&#8220;1_2&#8243; _builder_version=&#8220;4.16&#8243; custom_padding=&#8220;|||&#8220; global_colors_info=&#8220;{}&#8220; custom_padding__hover=&#8220;|||&#8220;][et_pb_text content_tablet=&#8220;<\/p>\n<h1>Schnellverschl\u00fcsse<\/h1>\n<p>&#8220; content_phone=&#8220;<\/p>\n<h1>Schnell-verschl\u00fcsse<\/h1>\n<p>&#8220; content_last_edited=&#8220;on|phone&#8220; _builder_version=&#8220;4.16&#8243; text_font=&#8220;||||||||&#8220; text_font_size=&#8220;15px&#8220; text_line_height=&#8220;2em&#8220; header_font=&#8220;Open Sans|600||on|||||&#8220; header_text_align=&#8220;left&#8220; header_font_size=&#8220;43px&#8220; header_line_height=&#8220;1.5em&#8220; use_background_color_gradient=&#8220;on&#8220; background_color_gradient_direction=&#8220;150deg&#8220; background_color_gradient_stops=&#8220;rgba(0,0,0,0.22) 0%|rgba(0,0,0,0.33) 100%&#8220; background_color_gradient_start=&#8220;rgba(0,0,0,0.22)&#8220; background_color_gradient_end=&#8220;rgba(0,0,0,0.33)&#8220; background_layout=&#8220;dark&#8220; custom_padding=&#8220;70px|70px|70px|70px|true|true&#8220; custom_padding_tablet=&#8220;40px|40px|40px|40px|true|true&#8220; custom_padding_phone=&#8220;20px|20px|20px|20px|true|true&#8220; custom_padding_last_edited=&#8220;on|phone&#8220; animation_style=&#8220;flip&#8220; header_font_size_tablet=&#8220;43px&#8220; header_font_size_phone=&#8220;30px&#8220; header_font_size_last_edited=&#8220;on|phone&#8220; box_shadow_style=&#8220;preset1&#8243; box_shadow_vertical=&#8220;40px&#8220; box_shadow_blur=&#8220;200px&#8220; box_shadow_spread=&#8220;-10px&#8220; global_colors_info=&#8220;{}&#8220;]<\/p>\n<h1>Schnell-verschl\u00fcsse<\/h1>\n<p>[\/et_pb_text][\/et_pb_column][et_pb_column type=&#8220;1_2&#8243; _builder_version=&#8220;4.16&#8243; custom_padding=&#8220;||||false|false&#8220; custom_padding_tablet=&#8220;20px|||&#8220; custom_padding_last_edited=&#8220;off|desktop&#8220; global_colors_info=&#8220;{}&#8220; padding_tablet=&#8220;20px|||&#8220; padding_last_edited=&#8220;on|phone&#8220; custom_padding__hover=&#8220;|||&#8220; padding_phone=&#8220;20px|||&#8220;][\/et_pb_column][\/et_pb_row][\/et_pb_section][et_pb_section fb_built=&#8220;1&#8243; custom_padding_last_edited=&#8220;on|phone&#8220; admin_label=&#8220;Features&#8220; module_id=&#8220;start&#8220; _builder_version=&#8220;4.16&#8243; custom_padding=&#8220;||40px||false|false&#8220; custom_padding_tablet=&#8220;||90px||false|false&#8220; custom_padding_phone=&#8220;||50px||false|false&#8220; global_colors_info=&#8220;{}&#8220;][et_pb_row column_structure=&#8220;1_2,1_2&#8243; use_custom_gutter=&#8220;on&#8220; gutter_width=&#8220;2&#8243; _builder_version=&#8220;4.16&#8243; _module_preset=&#8220;default&#8220; custom_margin=&#8220;30px||||false|false&#8220; custom_padding=&#8220;|0px|0px|0px|false|true&#8220; global_colors_info=&#8220;{}&#8220;][et_pb_column type=&#8220;1_2&#8243; _builder_version=&#8220;4.16&#8243; _module_preset=&#8220;default&#8220; background_enable_color=&#8220;off&#8220; custom_padding=&#8220;18px|10px|10px|10px|false|true&#8220; global_colors_info=&#8220;{}&#8220;][et_pb_text _builder_version=&#8220;4.16&#8243; text_font=&#8220;Open Sans||||||||&#8220; text_font_size=&#8220;15px&#8220; text_line_height=&#8220;2em&#8220; ul_line_height=&#8220;2em&#8220; header_2_font=&#8220;Open Sans|600||on|||||&#8220; header_2_text_align=&#8220;left&#8220; header_2_text_color=&#8220;#004a8f&#8220; header_2_font_size=&#8220;21px&#8220; header_2_line_height=&#8220;1.3em&#8220; header_3_font=&#8220;Open Sans|600||on|||||&#8220; header_3_text_align=&#8220;left&#8220; header_3_text_color=&#8220;#004a8f&#8220; header_4_font=&#8220;Open Sans|600||on|||||&#8220; header_4_text_color=&#8220;#004a8f&#8220; header_4_font_size=&#8220;16px&#8220; header_4_letter_spacing=&#8220;2px&#8220; header_4_line_height=&#8220;1.6em&#8220; background_color=&#8220;rgba(0,0,0,0.07)&#8220; custom_margin=&#8220;|0px||0px|false|false&#8220; custom_padding=&#8220;10px|||20px|false|false&#8220; header_2_font_size_tablet=&#8220;21px&#8220; header_2_font_size_phone=&#8220;21px&#8220; header_2_font_size_last_edited=&#8220;on|phone&#8220; header_4_font_size_tablet=&#8220;&#8220; header_4_font_size_phone=&#8220;14px&#8220; header_4_font_size_last_edited=&#8220;on|phone&#8220; global_colors_info=&#8220;{}&#8220;]<\/p>\n<h2>Ausf\u00fchrungen<\/h2>\n<p>[\/et_pb_text][et_pb_text _builder_version=&#8220;4.16&#8243; text_font=&#8220;||||||||&#8220; text_text_color=&#8220;#666666&#8243; text_font_size=&#8220;15px&#8220; text_line_height=&#8220;1.8em&#8220; ul_line_height=&#8220;1.8em&#8220; header_font=&#8220;||||||||&#8220; header_3_font=&#8220;Open Sans|600|||||||&#8220; header_3_font_size=&#8220;24px&#8220; header_3_line_height=&#8220;1.4em&#8220; background_layout=&#8220;dark&#8220; custom_margin=&#8220;||||false|false&#8220; custom_padding=&#8220;||||false|false&#8220; header_3_font_size_tablet=&#8220;30px&#8220; header_3_font_size_phone=&#8220;22px&#8220; header_3_font_size_last_edited=&#8220;on|phone&#8220; locked=&#8220;off&#8220; global_colors_info=&#8220;{}&#8220; header_2_font_size__hover=&#8220;26px&#8220; header_2_font_size__hover_enabled=&#8220;26px&#8220; header_2_letter_spacing__hover=&#8220;0px&#8220; header_2_letter_spacing__hover_enabled=&#8220;0px&#8220; header_2_line_height__hover=&#8220;1em&#8220; header_2_line_height__hover_enabled=&#8220;1em&#8220; header_2_text_shadow_style__hover=&#8220;none&#8220; header_2_text_shadow_style__hover_enabled=&#8220;none&#8220; header_2_text_shadow_color__hover=&#8220;rgba(0,0,0,0.4)&#8220; header_2_text_shadow_color__hover_enabled=&#8220;rgba(0,0,0,0.4)&#8220; header_4_font_size__hover=&#8220;18px&#8220; header_4_font_size__hover_enabled=&#8220;18px&#8220; header_4_letter_spacing__hover=&#8220;0px&#8220; header_4_letter_spacing__hover_enabled=&#8220;0px&#8220; header_4_line_height__hover=&#8220;1em&#8220; header_4_line_height__hover_enabled=&#8220;1em&#8220; header_4_text_shadow_style__hover=&#8220;none&#8220; header_4_text_shadow_style__hover_enabled=&#8220;none&#8220; header_4_text_shadow_color__hover=&#8220;rgba(0,0,0,0.4)&#8220; header_4_text_shadow_color__hover_enabled=&#8220;rgba(0,0,0,0.4)&#8220;]Wir liefern Schnellverschl\u00fcsse in den Abmessungen von DN 150 bis DN 4000 sowohl f\u00fcr stehende als auch f\u00fcr liegende Apparate. In Abh\u00e4ngigkeit vom Durchmesser sind Betriebsdr\u00fccke bis 800 bar und Betriebstemperaturen von -50\u00b0C bis + 350\u00b0C m\u00f6glich.<\/p>\n<p>Passend f\u00fcr Ihren Anwendungsfall k\u00f6nnen wir Ihnen die folgenden Ausf\u00fchrungen anbieten:<\/p>\n<ul>\n<li>Bajonettverschluss<\/li>\n<li>Klemmringverschluss<\/li>\n<li>Segmentverschluss<\/li>\n<\/ul>\n<p>Das \u00d6ffnen und Schwenken des Deckels kann manuell oder hydraulisch erfolgen.<\/p>\n<p>Jeder Schnellverschluss l\u00e4sst sich auch mit einem Anschlussflansch ausf\u00fchren. Das bietet Ihnen die M\u00f6glichkeit, die Vorteile eines Schnellverschlusses zu nutzen indem Sie diesen an eine vorhandene Flanschverbindung anschrauben. Der Beh\u00e4lter muss hierf\u00fcr nicht ausgebaut oder der Flanschring aufwendig abgetrennt werden.<\/p>\n<p>Auch spezielle technische Anforderungen oder Sonderausf\u00fchrungen k\u00f6nnen wir f\u00fcr Sie realisieren.[\/et_pb_text][\/et_pb_column][et_pb_column type=&#8220;1_2&#8243; _builder_version=&#8220;4.16&#8243; _module_preset=&#8220;default&#8220; background_enable_color=&#8220;off&#8220; custom_padding=&#8220;18px|10px|10px|10px|false|true&#8220; global_colors_info=&#8220;{}&#8220;][et_pb_text _builder_version=&#8220;4.16&#8243; text_font=&#8220;Open Sans||||||||&#8220; text_font_size=&#8220;15px&#8220; text_line_height=&#8220;2em&#8220; ul_line_height=&#8220;2em&#8220; header_2_font=&#8220;Open Sans|600||on|||||&#8220; header_2_text_align=&#8220;left&#8220; header_2_text_color=&#8220;#004a8f&#8220; header_2_font_size=&#8220;21px&#8220; header_2_line_height=&#8220;1.3em&#8220; header_3_font=&#8220;Open Sans|600||on|||||&#8220; header_3_text_align=&#8220;left&#8220; header_3_text_color=&#8220;#004a8f&#8220; header_4_font=&#8220;Open Sans|600||on|||||&#8220; header_4_text_color=&#8220;#004a8f&#8220; header_4_font_size=&#8220;16px&#8220; header_4_letter_spacing=&#8220;2px&#8220; header_4_line_height=&#8220;1.6em&#8220; background_color=&#8220;rgba(0,0,0,0.07)&#8220; custom_padding=&#8220;10px|||20px|false|false&#8220; header_2_font_size_tablet=&#8220;21px&#8220; header_2_font_size_phone=&#8220;21px&#8220; header_2_font_size_last_edited=&#8220;on|phone&#8220; header_4_font_size_tablet=&#8220;&#8220; header_4_font_size_phone=&#8220;14px&#8220; header_4_font_size_last_edited=&#8220;on|phone&#8220; global_colors_info=&#8220;{}&#8220;]<\/p>\n<h2>Kosten reduzieren<\/h2>\n<p>[\/et_pb_text][et_pb_text _builder_version=&#8220;4.16&#8243; text_font=&#8220;||||||||&#8220; text_text_color=&#8220;#666666&#8243; text_font_size=&#8220;15px&#8220; text_line_height=&#8220;1.8em&#8220; header_font=&#8220;||||||||&#8220; header_3_font=&#8220;Open Sans|600|||||||&#8220; header_3_font_size=&#8220;24px&#8220; header_3_line_height=&#8220;1.4em&#8220; background_layout=&#8220;dark&#8220; custom_margin=&#8220;||||false|false&#8220; custom_padding=&#8220;||||false|false&#8220; header_3_font_size_tablet=&#8220;30px&#8220; header_3_font_size_phone=&#8220;22px&#8220; header_3_font_size_last_edited=&#8220;on|phone&#8220; locked=&#8220;off&#8220; global_colors_info=&#8220;{}&#8220; header_2_font_size__hover=&#8220;26px&#8220; header_2_font_size__hover_enabled=&#8220;26px&#8220; header_2_letter_spacing__hover=&#8220;0px&#8220; header_2_letter_spacing__hover_enabled=&#8220;0px&#8220; header_2_line_height__hover=&#8220;1em&#8220; header_2_line_height__hover_enabled=&#8220;1em&#8220; header_2_text_shadow_style__hover=&#8220;none&#8220; header_2_text_shadow_style__hover_enabled=&#8220;none&#8220; header_2_text_shadow_color__hover=&#8220;rgba(0,0,0,0.4)&#8220; header_2_text_shadow_color__hover_enabled=&#8220;rgba(0,0,0,0.4)&#8220; header_4_font_size__hover=&#8220;18px&#8220; header_4_font_size__hover_enabled=&#8220;18px&#8220; header_4_letter_spacing__hover=&#8220;0px&#8220; header_4_letter_spacing__hover_enabled=&#8220;0px&#8220; header_4_line_height__hover=&#8220;1em&#8220; header_4_line_height__hover_enabled=&#8220;1em&#8220; header_4_text_shadow_style__hover=&#8220;none&#8220; header_4_text_shadow_style__hover_enabled=&#8220;none&#8220; header_4_text_shadow_color__hover=&#8220;rgba(0,0,0,0.4)&#8220; header_4_text_shadow_color__hover_enabled=&#8220;rgba(0,0,0,0.4)&#8220;]<\/p>\n<ul>\n<li>Zeit- und kostenintensiver Einsatz von Personal, Monteuren und Sonderwerkzeug wie z.B. Hydraulikschrauber entf\u00e4llt.<\/li>\n<li>Zeitaufwendiges L\u00f6sen von schwerg\u00e4ngigen Schraubverbindungen \u2013 insbesondere nach l\u00e4ngerer Betriebszeit \u2013 entf\u00e4llt.<\/li>\n<li>Undichtigkeiten und mehrmaliges Nachziehen verschraubter Flanschverbindungen geh\u00f6ren der Vergangenheit an. Gerade hier entstehen enorme Kosten, da immer wieder der Druck abgelassen, Schrauben nachgezogen und der Druck wieder neu aufgebaut werden muss. Allein das fachgerechte, gem\u00e4\u00df VCI-Leitfaden mindestens 4-stufige Anzugsverfahren, erfordert zertifiziertes Personal und viel Zeit und damit entstehen erhebliche Kosten.<\/li>\n<li>Die kostenintensive und zeitaufwendige Dokumentation f\u00fcr Ma\u00dfnahmen zur Qualit\u00e4tssicherung der Montage von Schraubverbindungen entf\u00e4llt. Die VDI 2290 findet hier keine Anwendung, das Pr\u00fcfen und Dokumentieren der Anzugsmomente entf\u00e4llt.<\/li>\n<li>Der BDG-Schnellverschluss l\u00e4sst sich in wenigen Minuten durch eine Person \u00f6ffnen und schlie\u00dfen und ist nach dem Schlie\u00dfvorgang sofort dicht.<\/li>\n<\/ul>\n<p>[\/et_pb_text][\/et_pb_column][\/et_pb_row][et_pb_row column_structure=&#8220;1_2,1_2&#8243; use_custom_gutter=&#8220;on&#8220; gutter_width=&#8220;2&#8243; _builder_version=&#8220;4.16&#8243; _module_preset=&#8220;default&#8220; custom_margin=&#8220;30px||||false|false&#8220; custom_padding=&#8220;0px|0px||0px|false|true&#8220; global_colors_info=&#8220;{}&#8220;][et_pb_column type=&#8220;1_2&#8243; _builder_version=&#8220;4.16&#8243; _module_preset=&#8220;default&#8220; background_enable_color=&#8220;off&#8220; custom_padding=&#8220;18px|10px|10px|10px|false|true&#8220; global_colors_info=&#8220;{}&#8220;][et_pb_text _builder_version=&#8220;4.16&#8243; text_font=&#8220;Open Sans||||||||&#8220; text_font_size=&#8220;15px&#8220; text_line_height=&#8220;2em&#8220; ul_line_height=&#8220;2em&#8220; header_2_font=&#8220;Open Sans|600||on|||||&#8220; header_2_text_align=&#8220;left&#8220; header_2_text_color=&#8220;#004a8f&#8220; header_2_font_size=&#8220;21px&#8220; header_2_line_height=&#8220;1.3em&#8220; header_3_font=&#8220;Open Sans|600||on|||||&#8220; header_3_text_align=&#8220;left&#8220; header_3_text_color=&#8220;#004a8f&#8220; header_4_font=&#8220;Open Sans|600||on|||||&#8220; header_4_text_color=&#8220;#004a8f&#8220; header_4_font_size=&#8220;16px&#8220; header_4_letter_spacing=&#8220;2px&#8220; header_4_line_height=&#8220;1.6em&#8220; background_color=&#8220;rgba(0,0,0,0.07)&#8220; custom_margin=&#8220;|0px||0px|false|false&#8220; custom_padding=&#8220;10px|||20px|false|false&#8220; header_2_font_size_tablet=&#8220;21px&#8220; header_2_font_size_phone=&#8220;21px&#8220; header_2_font_size_last_edited=&#8220;on|phone&#8220; header_4_font_size_tablet=&#8220;&#8220; header_4_font_size_phone=&#8220;14px&#8220; header_4_font_size_last_edited=&#8220;on|phone&#8220; global_colors_info=&#8220;{}&#8220;]<\/p>\n<h2>Gepr\u00fcfte Sicherheit<\/h2>\n<p>[\/et_pb_text][et_pb_text _builder_version=&#8220;4.16&#8243; text_font=&#8220;||||||||&#8220; text_text_color=&#8220;#666666&#8243; text_font_size=&#8220;15px&#8220; text_line_height=&#8220;2em&#8220; header_font=&#8220;||||||||&#8220; header_3_font=&#8220;Open Sans|600|||||||&#8220; header_3_font_size=&#8220;24px&#8220; header_3_line_height=&#8220;1.4em&#8220; background_layout=&#8220;dark&#8220; custom_margin=&#8220;||||false|false&#8220; custom_padding=&#8220;||||false|false&#8220; header_3_font_size_tablet=&#8220;30px&#8220; header_3_font_size_phone=&#8220;22px&#8220; header_3_font_size_last_edited=&#8220;on|phone&#8220; locked=&#8220;off&#8220; global_colors_info=&#8220;{}&#8220; header_2_font_size__hover=&#8220;26px&#8220; header_2_font_size__hover_enabled=&#8220;26px&#8220; header_2_letter_spacing__hover=&#8220;0px&#8220; header_2_letter_spacing__hover_enabled=&#8220;0px&#8220; header_2_line_height__hover=&#8220;1em&#8220; header_2_line_height__hover_enabled=&#8220;1em&#8220; header_2_text_shadow_style__hover=&#8220;none&#8220; header_2_text_shadow_style__hover_enabled=&#8220;none&#8220; header_2_text_shadow_color__hover=&#8220;rgba(0,0,0,0.4)&#8220; header_2_text_shadow_color__hover_enabled=&#8220;rgba(0,0,0,0.4)&#8220; header_4_font_size__hover=&#8220;18px&#8220; header_4_font_size__hover_enabled=&#8220;18px&#8220; header_4_letter_spacing__hover=&#8220;0px&#8220; header_4_letter_spacing__hover_enabled=&#8220;0px&#8220; header_4_line_height__hover=&#8220;1em&#8220; header_4_line_height__hover_enabled=&#8220;1em&#8220; header_4_text_shadow_style__hover=&#8220;none&#8220; header_4_text_shadow_style__hover_enabled=&#8220;none&#8220; header_4_text_shadow_color__hover=&#8220;rgba(0,0,0,0.4)&#8220; header_4_text_shadow_color__hover_enabled=&#8220;rgba(0,0,0,0.4)&#8220;]<\/p>\n<ul>\n<li>Der BDG-Schnellverschluss entspricht in allen Punkten den Unfallverh\u00fctungsvorschriften und den Sicherheitsvorschriften aller g\u00e4ngigen Regelwerke, wie z. B. AD-Merkbl\u00e4tter, EN 13445, ASME-Code, Ghost.<\/li>\n<li>Eine spezielle Sicherheitseinrichtung verhindert ein \u00d6ffnen des Verschlusses unter Druck.<\/li>\n<\/ul>\n<p>[\/et_pb_text][\/et_pb_column][et_pb_column type=&#8220;1_2&#8243; _builder_version=&#8220;4.16&#8243; _module_preset=&#8220;default&#8220; background_enable_color=&#8220;off&#8220; custom_padding=&#8220;18px|10px|10px|10px|false|true&#8220; global_colors_info=&#8220;{}&#8220;][et_pb_text _builder_version=&#8220;4.16&#8243; text_font=&#8220;Open Sans||||||||&#8220; text_font_size=&#8220;15px&#8220; text_line_height=&#8220;2em&#8220; ul_line_height=&#8220;2em&#8220; header_2_font=&#8220;Open Sans|600||on|||||&#8220; header_2_text_align=&#8220;left&#8220; header_2_text_color=&#8220;#004a8f&#8220; header_2_font_size=&#8220;21px&#8220; header_2_line_height=&#8220;1.3em&#8220; header_3_font=&#8220;Open Sans|600||on|||||&#8220; header_3_text_align=&#8220;left&#8220; header_3_text_color=&#8220;#004a8f&#8220; header_4_font=&#8220;Open Sans|600||on|||||&#8220; header_4_text_color=&#8220;#004a8f&#8220; header_4_font_size=&#8220;16px&#8220; header_4_letter_spacing=&#8220;2px&#8220; header_4_line_height=&#8220;1.6em&#8220; background_color=&#8220;rgba(0,0,0,0.07)&#8220; custom_padding=&#8220;10px|||20px|false|false&#8220; link_option_url=&#8220;https:\/\/www.siegthaler.de\/lohnfertigung\/waermebehandlung.html&#8220; link_option_url_new_window=&#8220;on&#8220; header_2_font_size_tablet=&#8220;21px&#8220; header_2_font_size_phone=&#8220;21px&#8220; header_2_font_size_last_edited=&#8220;on|phone&#8220; header_4_font_size_tablet=&#8220;&#8220; header_4_font_size_phone=&#8220;14px&#8220; header_4_font_size_last_edited=&#8220;on|phone&#8220; global_colors_info=&#8220;{}&#8220;]<\/p>\n<h2>Angebot<\/h2>\n<p>[\/et_pb_text][et_pb_text _builder_version=&#8220;4.16&#8243; text_font=&#8220;||||||||&#8220; text_text_color=&#8220;#666666&#8243; text_font_size=&#8220;15px&#8220; text_line_height=&#8220;2em&#8220; header_font=&#8220;||||||||&#8220; header_3_font=&#8220;Open Sans|600|||||||&#8220; header_3_font_size=&#8220;24px&#8220; header_3_line_height=&#8220;1.4em&#8220; background_layout=&#8220;dark&#8220; custom_margin=&#8220;||||false|false&#8220; custom_padding=&#8220;||||false|false&#8220; header_3_font_size_tablet=&#8220;30px&#8220; header_3_font_size_phone=&#8220;22px&#8220; header_3_font_size_last_edited=&#8220;on|phone&#8220; locked=&#8220;off&#8220; global_colors_info=&#8220;{}&#8220; header_2_font_size__hover=&#8220;26px&#8220; header_2_font_size__hover_enabled=&#8220;26px&#8220; header_2_letter_spacing__hover=&#8220;0px&#8220; header_2_letter_spacing__hover_enabled=&#8220;0px&#8220; header_2_line_height__hover=&#8220;1em&#8220; header_2_line_height__hover_enabled=&#8220;1em&#8220; header_2_text_shadow_style__hover=&#8220;none&#8220; header_2_text_shadow_style__hover_enabled=&#8220;none&#8220; header_2_text_shadow_color__hover=&#8220;rgba(0,0,0,0.4)&#8220; header_2_text_shadow_color__hover_enabled=&#8220;rgba(0,0,0,0.4)&#8220; header_4_font_size__hover=&#8220;18px&#8220; header_4_font_size__hover_enabled=&#8220;18px&#8220; header_4_letter_spacing__hover=&#8220;0px&#8220; header_4_letter_spacing__hover_enabled=&#8220;0px&#8220; header_4_line_height__hover=&#8220;1em&#8220; header_4_line_height__hover_enabled=&#8220;1em&#8220; header_4_text_shadow_style__hover=&#8220;none&#8220; header_4_text_shadow_style__hover_enabled=&#8220;none&#8220; header_4_text_shadow_color__hover=&#8220;rgba(0,0,0,0.4)&#8220; header_4_text_shadow_color__hover_enabled=&#8220;rgba(0,0,0,0.4)&#8220;]<\/p>\n<p>Haben wir Ihr Interesse geweckt?<br \/>Gerne sprechen wir mit Ihnen \u00fcber Ihre W\u00fcnsche und Vorstellungen.<br \/><a href=\"https:\/\/rjwolf.de\/kontakt\/#adresse\" target=\"_blank\" rel=\"noopener\">Rufen Sie uns einfach an<\/a>.<br \/>Nat\u00fcrlich k\u00f6nnen Sie auch \u00fcber das <a href=\"https:\/\/rjwolf.de\/kontakt\/#kontaktformular\" target=\"_blank\" rel=\"noopener\">Formular<\/a> mit uns in Kontakt treten.<\/p>\n<p>[\/et_pb_text][\/et_pb_column][\/et_pb_row][\/et_pb_section][et_pb_section fb_built=&#8220;1&#8243; disabled_on=&#8220;on|off|off&#8220; _builder_version=&#8220;4.16&#8243; _module_preset=&#8220;default&#8220; custom_padding=&#8220;0px||80px||false|false&#8220; global_colors_info=&#8220;{}&#8220;][et_pb_row _builder_version=&#8220;4.16&#8243; _module_preset=&#8220;default&#8220; custom_padding=&#8220;0px||||false|false&#8220; global_colors_info=&#8220;{}&#8220;][et_pb_column type=&#8220;4_4&#8243; _builder_version=&#8220;4.16&#8243; _module_preset=&#8220;default&#8220; global_colors_info=&#8220;{}&#8220;][et_pb_slider show_pagination=&#8220;off&#8220; arrows_custom_color=&#8220;#FFFFFF&#8220; dot_nav_custom_color=&#8220;#004a8f&#8220; _builder_version=&#8220;4.16&#8243; _module_preset=&#8220;default&#8220; custom_padding=&#8220;200px||200px||true|false&#8220; auto=&#8220;on&#8220; auto_speed=&#8220;3500&#8243; global_colors_info=&#8220;{}&#8220;][et_pb_slide _builder_version=&#8220;4.16&#8243; _module_preset=&#8220;default&#8220; background_enable_color=&#8220;off&#8220; background_image=&#8220;https:\/\/rjwolf.de\/wp-content\/uploads\/2022\/11\/verschluesse-1.jpg&#8220; background_enable_image=&#8220;on&#8220; global_colors_info=&#8220;{}&#8220; sticky_transition=&#8220;on&#8220;][\/et_pb_slide][et_pb_slide _builder_version=&#8220;4.16&#8243; _module_preset=&#8220;default&#8220; background_enable_color=&#8220;off&#8220; background_image=&#8220;https:\/\/rjwolf.de\/wp-content\/uploads\/2022\/11\/verschluesse-2.jpg&#8220; background_enable_image=&#8220;on&#8220; global_colors_info=&#8220;{}&#8220; sticky_transition=&#8220;on&#8220;][\/et_pb_slide][\/et_pb_slider][\/et_pb_column][\/et_pb_row][\/et_pb_section]<\/p>\n","protected":false},"excerpt":{"rendered":"<p>Schnell-verschl\u00fcsseAusf\u00fchrungenWir liefern Schnellverschl\u00fcsse in den Abmessungen von DN 150 bis DN 4000 sowohl f\u00fcr stehende als auch f\u00fcr liegende Apparate. In Abh\u00e4ngigkeit vom Durchmesser sind Betriebsdr\u00fccke bis 800 bar und Betriebstemperaturen von -50\u00b0C bis + 350\u00b0C m\u00f6glich. Passend f\u00fcr Ihren Anwendungsfall k\u00f6nnen wir Ihnen die folgenden Ausf\u00fchrungen anbieten: Bajonettverschluss Klemmringverschluss Segmentverschluss Das \u00d6ffnen und Schwenken [&hellip;]<\/p>\n","protected":false},"author":2,"featured_media":0,"parent":0,"menu_order":0,"comment_status":"closed","ping_status":"closed","template":"","meta":{"_seopress_robots_primary_cat":"0","_seopress_titles_title":"Schnellverschl\u00fcsse-Infos :: Robert Josef Wolf GmbH &amp; Co. KG","_seopress_titles_desc":"Wir liefern Schnellverschl\u00fcsse in den Abmessungen von DN 150 bis DN 4000 sowohl f\u00fcr stehende als auch f\u00fcr liegende Apparate. Gepr\u00fcfte Sicherheit.","_seopress_robots_index":"","_et_pb_use_builder":"on","_et_pb_old_content":"","_et_gb_content_width":"","footnotes":""},"class_list":["post-531","page","type-page","status-publish","hentry"],"_links":{"self":[{"href":"https:\/\/rjwolf.de\/en\/wp-json\/wp\/v2\/pages\/531","targetHints":{"allow":["GET"]}}],"collection":[{"href":"https:\/\/rjwolf.de\/en\/wp-json\/wp\/v2\/pages"}],"about":[{"href":"https:\/\/rjwolf.de\/en\/wp-json\/wp\/v2\/types\/page"}],"author":[{"embeddable":true,"href":"https:\/\/rjwolf.de\/en\/wp-json\/wp\/v2\/users\/2"}],"replies":[{"embeddable":true,"href":"https:\/\/rjwolf.de\/en\/wp-json\/wp\/v2\/comments?post=531"}],"version-history":[{"count":8,"href":"https:\/\/rjwolf.de\/en\/wp-json\/wp\/v2\/pages\/531\/revisions"}],"predecessor-version":[{"id":911,"href":"https:\/\/rjwolf.de\/en\/wp-json\/wp\/v2\/pages\/531\/revisions\/911"}],"wp:attachment":[{"href":"https:\/\/rjwolf.de\/en\/wp-json\/wp\/v2\/media?parent=531"}],"curies":[{"name":"wp","href":"https:\/\/api.w.org\/{rel}","templated":true}]}}